{"id":1949,"date":"2022-02-23T14:51:14","date_gmt":"2022-02-23T13:51:14","guid":{"rendered":"http:\/\/mx-activites.com\/?page_id=1949"},"modified":"2024-09-30T16:13:55","modified_gmt":"2024-09-30T14:13:55","slug":"accueil","status":"publish","type":"page","link":"https:\/\/mx-activites.com\/","title":{"rendered":"Accueil"},"content":{"rendered":"<div class=\"brz-root__container brz-reset-all\">\n<section data-uid=\"jivdhskxzbgomlhegkbzvlrlhpbcxhdebkzg\" id=\"jivdhskxzbgomlhegkbzvlrlhpbcxhdebkzg\" class=\"brz-section brz-css-qcdti brz-css-tmsdm\">\n<div class=\"brz-section__content brz-section--boxed brz-css-otvqw brz-css-rbpgy\" data-custom-id=\"hvachqkyjowwmhysnktxavpjhubexcfvqvps\">\n<div class=\"brz-bg\">\n<div class=\"brz-bg-image\"><\/div>\n<div class=\"brz-bg-color\"><\/div>\n<div class=\"brz-bg-shape brz-bg-shape__bottom\"><\/div>\n<\/div>\n<div class=\"brz-container brz-css-bmbkz\">\n<div class=\"brz-row__container brz-css-qxnds\" data-custom-id=\"xtytciuzrbmlujublhubqhxlaaoyqkuapvad\">\n<div class=\"brz-row brz-css-thxiv brz-css-vezcg\">\n<div class=\"brz-columns brz-css-gzwuq brz-css-bnaxj\" data-custom-id=\"hekerfgabtsradsiohdvxvxdskanrazzfmjl\">\n<div class=\"brz-column__items brz-css-klohh brz-css-uqwru\">\n<div class=\"brz-row__container brz-css-qxnds\" data-custom-id=\"vijteefzobahthwnrsshunzclaxumhahbste\">\n<div class=\"brz-row brz-row--inner brz-css-thxiv brz-css-vezcg\">\n<div class=\"brz-columns brz-css-gzwuq brz-css-lqhwn\" data-custom-id=\"avsonbzbaihiebpvdppicyilvseurfeiyxuj\">\n<div class=\"brz-column__items brz-css-klohh\">\n<div class=\"brz-css-qnpqt brz-css-chovc brz-wrapper\">\n<div class=\"brz-image brz-css-lsxpy\"><a class=\"brz-a\" href=\"https:\/\/mx-activites.com\/\" data-brz-link-type=\"external\" id data-custom-id=\"ckmdkzgwdmzktirnbbyzgirzmwchfgmskoaj\"><img decoding=\"async\" class=\"brz-img\" src=\"https:\/\/mx-activites.com\/wp-content\/uploads\/2022\/05\/Sans_titre__1_-removebg-preview.png\" alt=\"MX-Activites\" loading=\"lazy\" \/><\/a><\/div>\n<\/div>\n<\/div>\n<\/div>\n<div class=\"brz-columns brz-css-gzwuq brz-css-fclnd\" data-custom-id=\"uhuntufzeurcwlahgkldvvhkyvlynabqgouu\">\n<div class=\"brz-column__items brz-css-klohh\">\n<div class=\"brz-css-qnpqt brz-css-pxajc brz-wrapper\">\n<div class=\"brz-menu-simple brz-css-ghmvr brz-css-jppoh\">\n<div class=\"brz-menu-simple__toggle brz-menu-simple__toggle--tablet brz-menu-simple__toggle--mobile\"><label class=\"brz-menu-simple__icon\" for=\"brz-menu-simple__btn-uthhj\"><span class=\"brz-menu-simple__icon--bars\"><\/span><\/label><\/p>\n<div style=\"min-height:20px\">\n<div class=\"menu-menu-principal-container\">\n<ul id=\"menu-menu-principal\" class=\"menu\">\n<li id=\"menu-item-2112\" class=\"menu-item menu-item-type-post_type menu-item-object-page menu-item-home current-menu-item page_item page-item-1949 current_page_item menu-item-2112\"><a href=\"https:\/\/mx-activites.com\/\" aria-current=\"page\">Accueil<\/a><\/li>\n<li id=\"menu-item-2106\" class=\"menu-item menu-item-type-post_type menu-item-object-page menu-item-2106\"><a href=\"https:\/\/mx-activites.com\/index.php\/a-propos\/\">\u00c0 propos<\/a><\/li>\n<li id=\"menu-item-199\" class=\"menu-item menu-item-type-post_type menu-item-object-page menu-item-199\"><a href=\"https:\/\/mx-activites.com\/index.php\/activites\/\">Activit\u00e9s<\/a><\/li>\n<li id=\"menu-item-2658\" class=\"menu-item menu-item-type-post_type menu-item-object-page menu-item-2658\"><a href=\"https:\/\/mx-activites.com\/index.php\/stages\/\">Stages<\/a><\/li>\n<li id=\"menu-item-2709\" class=\"menu-item menu-item-type-post_type menu-item-object-page menu-item-2709\"><a href=\"https:\/\/mx-activites.com\/index.php\/groupes-et-c-e\/\">Groupes et C.E.<\/a><\/li>\n<li id=\"menu-item-213\" class=\"menu-item menu-item-type-post_type menu-item-object-page menu-item-213\"><a href=\"https:\/\/mx-activites.com\/index.php\/tarifs-et-horaires\/\">Tarifs et horaires<\/a><\/li>\n<li id=\"menu-item-264\" class=\"menu-item menu-item-type-post_type menu-item-object-page menu-item-264\"><a href=\"https:\/\/mx-activites.com\/index.php\/contact\/\">Contact<\/a><\/li>\n<\/ul>\n<\/div>\n<\/div>\n<\/div>\n<\/div>\n<\/div>\n<\/div>\n<\/div>\n<\/div>\n<\/div>\n<\/div>\n<\/div>\n<\/div>\n<\/div>\n<div class=\"brz-css-qnpqt brz-css-cgyiu brz-wrapper\">\n<div class=\"brz-rich-text brz-css-esfgk\" data-custom-id=\"aqqjvsmqdmxketqzaqhionlbngnihfbegfil\">\n<div>\n<p class=\"brz-css-pwzen\"><strong class=\"brz-cp-color8\">MX ACTIVIT\u00c9S<\/strong><\/p>\n<\/div>\n<\/div>\n<\/div>\n<div class=\"brz-css-qnpqt brz-css-tepux brz-wrapper\">\n<div class=\"brz-spacer brz-css-mpbmn brz-css-pfrjt\"><\/div>\n<\/div>\n<div data-iteration-count=\"1\" class=\"brz-wrapper-clone brz-css-ymzgs brz-css-qshkt brz-animated brz-css-snsns brz-css-zkofm\">\n<div class=\"brz-d-xs-flex brz-flex-xs-wrap brz-css-zxxcl\">\n<div class=\"brz-wrapper-clone__item brz-css-xqdrp\" id=\"wuiogkgylmksfeaigqjytoeqisrrtrjuoihq\"><a class=\"brz-a brz-btn brz-css-mlwna brz-css-heiix\" href=\"tel:+33688152799\" target=\"_blank\" rel=\"noopener\" data-brz-link-type=\"external\" id data-custom-id=\"wuiogkgylmksfeaigqjytoeqisrrtrjuoihq\"><span class=\"brz-span brz-text__editor\">Nous contacter<\/span><\/a><\/div>\n<\/div>\n<\/div>\n<div data-iteration-count=\"1\" class=\"brz-css-qnpqt brz-css-kkgas brz-wrapper brz-animated brz-css-czbso brz-css-ouhyl\">\n<div class=\"brz-rich-text brz-css-esfgk\" data-custom-id=\"cnjmtotnhfhzathnotnjajvrvmbjpwkmqoga\">\n<div>\n<p class=\"brz-css-efrmr\"><span class=\"brz-cp-color8\">\u00c9COLE DE PILOTAGE MOTO CROSS<\/span><\/p>\n<\/div>\n<\/div>\n<\/div>\n<div data-iteration-count=\"1\" class=\"brz-css-qnpqt brz-css-klfmb brz-wrapper brz-animated brz-css-czbso brz-css-ebalu\">\n<div class=\"brz-rich-text brz-css-esfgk\" data-custom-id=\"ayydcziojkctkjhcyaehqbpowfloqhsmpcov\">\n<div>\n<p class=\"brz-css-vybds\"><span class=\"brz-cp-color8\">Notre site de <\/span><strong class=\"brz-cp-color8\">Sichamps<\/strong><span class=\"brz-cp-color8\"> situ\u00e9 dans la Ni\u00e8vre \u00e0 30 minutes de Nevers s\u2019\u00e9tend sur pr\u00e8s de <\/span><strong class=\"brz-cp-color8\">4 hectares.<\/strong><span class=\"brz-cp-color8\"> <\/span><\/p>\n<\/div>\n<\/div>\n<\/div>\n<div class=\"brz-css-qnpqt brz-css-tepux brz-wrapper\">\n<div class=\"brz-spacer brz-css-mpbmn\"><\/div>\n<\/div>\n<div class=\"brz-css-qnpqt brz-css-tepux brz-wrapper\">\n<div class=\"brz-spacer brz-css-mpbmn brz-css-meopp\"><\/div>\n<\/div>\n<div class=\"brz-row__container brz-css-qxnds\" data-custom-id=\"xtfceijgdppijnzmmjaclyothggtbntltrdd\">\n<div class=\"brz-row brz-css-thxiv brz-css-vezcg\">\n<div data-iteration-count=\"1\" class=\"brz-columns brz-css-gzwuq brz-css-zrtie brz-animated brz-css-rtztx brz-css-tatzm\" data-custom-id=\"ajaxykggdpdteckzmwpgqrzhtpfvunuvivvg\">\n<div class=\"brz-bg\">\n<div class=\"brz-bg-color\"><\/div>\n<\/div>\n<div class=\"brz-column__items brz-css-klohh brz-css-qxcwl\">\n<div class=\"brz-css-qnpqt brz-wrapper\">\n<div class=\"brz-image brz-css-dxapw brz-css-geuam\"><img decoding=\"async\" class=\"brz-img\" src=\"https:\/\/mx-activites.com\/wp-content\/uploads\/2022\/01\/motocross-150x150.png\" alt=\"\" loading=\"lazy\" \/><\/div>\n<\/div>\n<div class=\"brz-css-qnpqt brz-css-gwkgx brz-wrapper\">\n<div class=\"brz-rich-text brz-css-esfgk\" data-custom-id=\"fwgvprheowgxpvcydfalmaiobohxhyrhrmpg\">\n<div>\n<p class=\"brz-css-scwjs\"><strong>D\u00c9COUVERTE<\/strong><span> <\/span><\/p>\n<\/div>\n<\/div>\n<\/div>\n<\/div>\n<p><a class=\"brz-a brz-container-link\" href=\"https:\/\/mx-activites.com\/index.php\/activites\/\" data-brz-link-type=\"external\" id><\/a><\/div>\n<div data-iteration-count=\"1\" class=\"brz-columns brz-css-gzwuq brz-css-lglfp brz-animated brz-css-rtztx brz-css-fsrtr\" data-custom-id=\"inetldinqgmgoypjprburcvuwrfcmzimopws\">\n<div class=\"brz-bg\">\n<div class=\"brz-bg-color\"><\/div>\n<\/div>\n<div class=\"brz-column__items brz-css-klohh brz-css-gmaps\">\n<div class=\"brz-css-qnpqt brz-wrapper\">\n<div class=\"brz-image brz-css-zyxse brz-css-yaact\"><img decoding=\"async\" class=\"brz-img\" src=\"https:\/\/mx-activites.com\/wp-content\/uploads\/2022\/01\/motocross-1-150x150.png\" alt=\"\" loading=\"lazy\" \/><\/div>\n<\/div>\n<div class=\"brz-css-qnpqt brz-css-mfkxc brz-wrapper\">\n<div class=\"brz-rich-text brz-css-esfgk\" data-custom-id=\"oichdkzmpvaorxavepskymbdzhtptgqljdmi\">\n<div>\n<p class=\"brz-css-uwcup\"><strong>INITIATION<\/strong><\/p>\n<\/div>\n<\/div>\n<\/div>\n<\/div>\n<p><a class=\"brz-a brz-container-link\" href=\"https:\/\/mx-activites.com\/index.php\/activites\/\" data-brz-link-type=\"external\" id><\/a><\/div>\n<div data-iteration-count=\"1\" class=\"brz-columns brz-css-gzwuq brz-css-fkoyy brz-animated brz-css-rtztx brz-css-ipjer\" data-custom-id=\"lfesfuytkihakxxqgtaepldlrknpwwfocurl\">\n<div class=\"brz-bg\">\n<div class=\"brz-bg-color\"><\/div>\n<\/div>\n<div class=\"brz-column__items brz-css-klohh brz-css-avnvr\">\n<div class=\"brz-css-qnpqt brz-wrapper\">\n<div class=\"brz-image brz-css-spslm brz-css-naelk\"><img decoding=\"async\" class=\"brz-img\" src=\"https:\/\/mx-activites.com\/wp-content\/uploads\/2022\/01\/motocross-2-150x150.png\" alt=\"\" loading=\"lazy\" \/><\/div>\n<\/div>\n<div class=\"brz-css-qnpqt brz-css-vuuyd brz-wrapper\">\n<div class=\"brz-rich-text brz-css-esfgk\" data-custom-id=\"uemsystwdgjcdqqpstxateysxrbglmzsmcmu\">\n<div>\n<p class=\"brz-css-dpofw\"><strong>PERFECTIONNEMENT<\/strong><\/p>\n<\/div>\n<\/div>\n<\/div>\n<\/div>\n<p><a class=\"brz-a brz-container-link\" href=\"https:\/\/mx-activites.com\/index.php\/activites\/\" data-brz-link-type=\"external\" id><\/a><\/div>\n<div data-iteration-count=\"1\" class=\"brz-columns brz-css-gzwuq brz-css-fgxer brz-animated brz-css-rtztx brz-css-telde\" data-custom-id=\"ushfednxgwpobcjjwseuobokeaohydeoorzv\">\n<div class=\"brz-bg\">\n<div class=\"brz-bg-color\"><\/div>\n<\/div>\n<div class=\"brz-column__items brz-css-klohh brz-css-btpiw\">\n<div class=\"brz-css-qnpqt brz-wrapper\">\n<div class=\"brz-image brz-css-acvaw brz-css-muydx\"><img decoding=\"async\" class=\"brz-img\" src=\"https:\/\/mx-activites.com\/wp-content\/uploads\/2022\/04\/3404988-200-150x150.png\" alt=\"\" loading=\"lazy\" \/><\/div>\n<\/div>\n<div class=\"brz-css-qnpqt brz-css-ecxnc brz-wrapper\">\n<div class=\"brz-rich-text brz-css-esfgk\" data-custom-id=\"tqbddtzkjhpaobgoglrzuqhkwxvmffxflvcu\">\n<div>\n<p class=\"brz-css-mzjry\"><strong class=\"brz-cp-color8\">STAGES<\/strong><\/p>\n<\/div>\n<\/div>\n<\/div>\n<\/div>\n<p><a class=\"brz-a brz-container-link\" href=\"https:\/\/mx-activites.com\/index.php\/activites\/\" data-brz-link-type=\"external\" id><\/a><\/div>\n<\/div>\n<\/div>\n<\/div>\n<\/div>\n<\/section>\n<section data-uid=\"hixztocmmuybowdwyswciivttsjassnkotsu\" id=\"hixztocmmuybowdwyswciivttsjassnkotsu\" class=\"brz-section brz-css-qcdti\">\n<div class=\"brz-section__content brz-section--boxed brz-css-otvqw brz-css-afjgu\" data-custom-id=\"nqzrhnzqzongqetqudquyzjmpaernikgmfwo\">\n<div class=\"brz-container brz-css-bmbkz\"><\/div>\n<\/div>\n<\/section>\n<section data-uid=\"hfbhituovcbppybbuxiscvvbsjqcdklfsmfh\" id=\"hfbhituovcbppybbuxiscvvbsjqcdklfsmfh\" class=\"brz-section brz-css-qcdti\">\n<div class=\"brz-section__content brz-section--boxed brz-css-otvqw brz-css-btrsa\" data-custom-id=\"oauogsphrjrqtxpzgkoieukgxppiyjbxbjyc\">\n<div class=\"brz-bg\">\n<div class=\"brz-bg-color\"><\/div>\n<div class=\"brz-bg-shape brz-bg-shape__top\"><\/div>\n<div class=\"brz-bg-shape brz-bg-shape__bottom\"><\/div>\n<\/div>\n<div class=\"brz-container brz-css-bmbkz\">\n<div data-iteration-count=\"1\" class=\"brz-wrapper-clone brz-css-ymzgs brz-css-oilpm brz-animated brz-css-snsns brz-css-eogmt\">\n<div class=\"brz-d-xs-flex brz-flex-xs-wrap brz-css-zxxcl\">\n<div class=\"brz-wrapper-clone__item brz-css-xqdrp\" id=\"phmumlysyxmcdtqvdfjagzjsmakzlvlbbdmq\"><a class=\"brz-a brz-btn brz-css-mlwna brz-css-npzps\" href=\"https:\/\/mx-activites.com\/index.php\/stages\/\" data-brz-link-type=\"external\" id data-custom-id=\"phmumlysyxmcdtqvdfjagzjsmakzlvlbbdmq\"><span class=\"brz-span brz-text__editor\">VOIR TOUS LES STAGES<\/span><\/a><\/div>\n<\/div>\n<\/div>\n<div class=\"brz-wrapper-clone brz-css-ymzgs brz-css-dfpbk\">\n<div class=\"brz-d-xs-flex brz-flex-xs-wrap brz-css-zxxcl brz-css-vclfp\">\n<div class=\"brz-wrapper-clone__item brz-css-xqdrp\" id=\"eeppbsnvuyoktwltkderrytnwiyzyzclyxdx\"><a class=\"brz-a brz-btn brz-css-mlwna brz-css-smpcq\" href=\"https:\/\/mx-activites.com\/\" data-brz-link-type=\"external\" id data-custom-id=\"eeppbsnvuyoktwltkderrytnwiyzyzclyxdx\"><span class=\"brz-span brz-text__editor\"><\/span><\/a><\/div>\n<\/div>\n<\/div>\n<\/div>\n<\/div>\n<\/section>\n<section data-uid=\"getdmczrockqfkwwrtvrqvpdzvxfjwgcmcdh\" id=\"getdmczrockqfkwwrtvrqvpdzvxfjwgcmcdh\" class=\"brz-section brz-css-qcdti\">\n<div class=\"brz-section__content brz-section--boxed brz-css-otvqw brz-css-ptwbw\" data-custom-id=\"rnynttwjobppwbrfadfyvotfgoigsaxqsuvd\">\n<div class=\"brz-bg\">\n<div class=\"brz-bg-image\"><\/div>\n<div class=\"brz-bg-color\"><\/div>\n<div class=\"brz-bg-shape brz-bg-shape__bottom\"><\/div>\n<\/div>\n<div class=\"brz-container brz-css-bmbkz\">\n<div class=\"brz-row__container brz-css-qxnds\" data-custom-id=\"osfggikjxjzkvieojovprupftgwwotwqlrmd\">\n<div class=\"brz-row brz-css-thxiv brz-css-vezcg\">\n<div class=\"brz-columns brz-css-gzwuq brz-css-rishb\" data-custom-id=\"zctrpjhiwjiflgysvdacgrhplwrerfltyjqu\">\n<div class=\"brz-column__items brz-css-klohh\">\n<div class=\"brz-css-qnpqt brz-wrapper\">\n<div class=\"brz-image brz-css-fqvps\"><img decoding=\"async\" class=\"brz-img\" src=\"https:\/\/mx-activites.com\/wp-content\/uploads\/2022\/01\/Nos-partenaires-.png\" alt=\"\" loading=\"lazy\" \/><\/div>\n<\/div>\n<\/div>\n<\/div>\n<div class=\"brz-columns brz-css-gzwuq brz-css-slqgp\" data-custom-id=\"jsdbsbjiexwtaevnkwuolmtvryddsrklslks\">\n<div class=\"brz-column__items brz-css-klohh\">\n<div class=\"brz-css-qnpqt brz-wrapper\">\n<div class=\"brz-rich-text brz-css-esfgk\" data-custom-id=\"jzjjciodmblwqkrebqgsabdfpeyuvnzvrkxa\">\n<div>\n<p class=\"brz-css-trlbk\"><span> <\/span><\/p>\n<p class=\"brz-css-itybx\"><span>CONTACT<\/span><\/p>\n<\/div>\n<\/div>\n<\/div>\n<div class=\"brz-css-qnpqt brz-css-tepux brz-wrapper\">\n<div class=\"brz-spacer brz-css-mpbmn brz-css-ncusu\"><\/div>\n<\/div>\n<div class=\"brz-css-qnpqt brz-wrapper\">\n<div class=\"brz-rich-text brz-css-esfgk\" data-custom-id=\"pettogjxdtlzmtmgomkxymoheahghjltiech\">\n<div>\n<p class=\"brz-css-hpiva\"><span>3 Route de Beaumont<\/span><\/p>\n<p class=\"brz-css-upnqf\"><span>58700 Sichamps<\/span><\/p>\n<\/div>\n<\/div>\n<\/div>\n<div class=\"brz-css-qnpqt brz-wrapper\">\n<div class=\"brz-rich-text brz-css-esfgk\" data-custom-id=\"lnkurklhcuexecudjnxpvahsfanfsucyhnjf\">\n<div>\n<p class=\"brz-css-nrstx\"><span>T\u00e9l\u00e9phone : 06 88 15 27 99<\/span><\/p>\n<p class=\"brz-css-raava\"><span>Email : mxactivites@yahoo.fr<\/span><\/p>\n<\/div>\n<\/div>\n<\/div>\n<\/div>\n<\/div>\n<div class=\"brz-columns brz-css-gzwuq brz-css-jrnvk\" data-custom-id=\"xdgxqanbmjgochvcngkcsxwprgkkfhfhpeln\">\n<div class=\"brz-column__items brz-css-klohh\">\n<div class=\"brz-css-qnpqt brz-wrapper\">\n<div class=\"brz-rich-text brz-css-esfgk\" data-custom-id=\"mxbzmzbdtnacrcuvrfywgpofhmrbcexhuign\">\n<div>\n<p class=\"brz-css-zbslf\"><span> <\/span><\/p>\n<p class=\"brz-css-uqaut\"><span>SOCIAL<\/span><\/p>\n<\/div>\n<\/div>\n<\/div>\n<div class=\"brz-css-qnpqt brz-css-tepux brz-wrapper\">\n<div class=\"brz-spacer brz-css-mpbmn brz-css-wzpou\"><\/div>\n<\/div>\n<div class=\"brz-css-qnpqt brz-css-clnlq brz-wrapper\">\n<div class=\"brz-icon-text brz-css-hcnid brz-css-gsoic\" data-custom-id=\"cyfkueuigelkgnrsvooliinuyrzaztnrlqnh\">\n<div id class=\"brz-icon__container\" data-custom-id=\"vtbudozltgopjucjwqwjkglhroizovupucbv\"><a class=\"brz-a\" href=\"https:\/\/www.facebook.com\/mxactivites2016\/?ref=page_internal\" target=\"_blank\" rel=\"noopener\" data-brz-link-type=\"external\" id><span class=\"brz-span brz-icon css-c6hdyt\"><\/span><\/a><\/div>\n<div class=\"brz-text-btn\">\n<div class=\"brz-rich-text brz-css-esfgk\" data-custom-id=\"ylukdawdzxlavccsashwgaoraxvzynzsfgsv\">\n<div>\n<p class=\"brz-css-nqvxg\"><a href=\"https:\/\/www.facebook.com\/mxactivites2016\/?ref=page_internal\" target=\"_blank\" class=\"link--external\" data-brz-link-type=\"external\" rel=\"noopener\">Facebook<\/a><\/p>\n<\/div>\n<\/div>\n<\/div>\n<\/div>\n<\/div>\n<div class=\"brz-css-qnpqt brz-css-kyyba brz-wrapper\">\n<div class=\"brz-icon-text brz-css-hcnid brz-css-wynjv\" data-custom-id=\"rxfwuwzldqbaouyputbgvqizmjariwlokqzp\">\n<div id class=\"brz-icon__container\" data-custom-id=\"tfcpxpdtcashvrqqsqbectkejtdeixbnyvrr\"><a class=\"brz-a\" href=\"https:\/\/www.instagram.com\/mxactivites\/?hl=fr\" target=\"_blank\" rel=\"noopener\" data-brz-link-type=\"external\" id><span class=\"brz-span brz-icon css-c6hdyt\"><\/span><\/a><\/div>\n<div class=\"brz-text-btn\">\n<div class=\"brz-rich-text brz-css-esfgk\" data-custom-id=\"lizkdppliobakifnduuwudegwnszfbtfmjkl\">\n<div>\n<p class=\"brz-css-iqqya\"><a href=\"https:\/\/www.instagram.com\/mxactivites\/?hl=fr\" target=\"_blank\" class=\"link--external\" data-brz-link-type=\"external\" rel=\"noopener\">Instagram<\/a><\/p>\n<\/div>\n<\/div>\n<\/div>\n<\/div>\n<\/div>\n<\/div>\n<\/div>\n<\/div>\n<\/div>\n<div class=\"brz-css-qnpqt brz-css-czfqi brz-wrapper\">\n<div class=\"brz-line brz-css-wjrhn brz-css-qnrgc\" data-custom-id=\"dbcqddgoskwdcybyzzfxtvovtqgnqydrebwj\">\n<hr class=\"brz-hr\" \/><\/div>\n<\/div>\n<div data-iteration-count=\"1\" class=\"brz-css-qnpqt brz-wrapper brz-animated brz-css-czbso brz-css-gemvu\">\n<div class=\"brz-rich-text brz-css-esfgk\" data-custom-id=\"hojbycxqkgliyiahapllrbpjlrnzvpnckyzi\">\n<div>\n<p class=\"brz-css-kvjkq\"><span class=\"brz-cp-color6 brz-span\"><strong>Politique de confidentialit\u00e9<\/strong><\/span><\/p>\n<\/div>\n<\/div>\n<\/div>\n<div data-iteration-count=\"1\" class=\"brz-css-qnpqt brz-wrapper brz-animated brz-css-czbso brz-css-iopfe\">\n<div class=\"brz-rich-text brz-css-esfgk\" data-custom-id=\"qghqprrtzybqsgcgqowjvprjnszyfiobhprl\">\n<div>\n<p class=\"brz-css-dybih\"><span class=\"brz-cp-color8\">\u00a9 COPYRIGHT 2022, ALL RIGHTS RESERVED <\/span><\/p>\n<p class=\"brz-css-tcnhg\"><span class=\"brz-cp-color8\">Site r\u00e9alis\u00e9 par MXR Communication<\/span><\/p>\n<\/div>\n<\/div>\n<\/div>\n<\/div>\n<\/div>\n<\/section>\n<\/div>\n<p><!-- version:1727705634 --><\/p>\n","protected":false},"excerpt":{"rendered":"<p>Accueil \u00c0 propos Activit\u00e9s Stages Groupes et C.E. Tarifs et horaires Contact MX ACTIVIT\u00c9S Nous contacter \u00c9COLE DE PILOTAGE MOTO CROSS Notre site de Sichamps situ\u00e9 dans la Ni\u00e8vre \u00e0 30 minutes de Nevers s\u2019\u00e9tend sur pr\u00e8s de 4 hectares. D\u00c9COUVERTE INITIATION PERFECTIONNEMENT STAGES VOIR TOUS LES STAGES CONTACT 3 Route de Beaumont 58700 Sichamps&hellip;&nbsp;<a href=\"https:\/\/mx-activites.com\/\" class=\"\" rel=\"bookmark\">Lire la suite &raquo;<span class=\"screen-reader-text\">Accueil<\/span><\/a><\/p>\n","protected":false},"author":1,"featured_media":0,"parent":0,"menu_order":1,"comment_status":"closed","ping_status":"closed","template":"brizy-blank-template.php","meta":{"neve_meta_sidebar":"","neve_meta_container":"","neve_meta_enable_content_width":"","neve_meta_content_width":0,"neve_meta_title_alignment":"","neve_meta_author_avatar":"","neve_post_elements_order":"","neve_meta_disable_header":"","neve_meta_disable_footer":"","neve_meta_disable_title":"","footnotes":""},"class_list":["post-1949","page","type-page","status-publish","hentry"],"yoast_head":"<!-- This site is optimized with the Yoast SEO plugin v18.1 - https:\/\/yoast.com\/wordpress\/plugins\/seo\/ -->\n<title>Accueil - MX Activit\u00e9s<\/title>\n<meta name=\"description\" content=\"\u00c0 la recherche d&#039;une \u00e9cole de moto proche de Nevers ? Rentrez en contact avec nous et venez vous essayer au moto cross.\" \/>\n<meta name=\"robots\" content=\"index, follow, max-snippet:-1, max-image-preview:large, max-video-preview:-1\" \/>\n<link rel=\"canonical\" href=\"https:\/\/mx-activites.com\/\" \/>\n<meta property=\"og:locale\" content=\"fr_FR\" \/>\n<meta property=\"og:type\" content=\"article\" \/>\n<meta property=\"og:title\" content=\"Accueil - MX Activit\u00e9s\" \/>\n<meta property=\"og:description\" content=\"\u00c0 la recherche d&#039;une \u00e9cole de moto proche de Nevers ? Rentrez en contact avec nous et venez vous essayer au moto cross.\" \/>\n<meta property=\"og:url\" content=\"https:\/\/mx-activites.com\/\" \/>\n<meta property=\"og:site_name\" content=\"MX Activit\u00e9s\" \/>\n<meta property=\"article:modified_time\" content=\"2024-09-30T14:13:55+00:00\" \/>\n<meta property=\"og:image\" content=\"https:\/\/mx-activites.com\/wp-content\/uploads\/2022\/05\/Sans_titre__1_-removebg-preview.png\" \/>\n<meta name=\"twitter:card\" content=\"summary_large_image\" \/>\n<meta name=\"twitter:label1\" content=\"Dur\u00e9e de lecture estim\u00e9e\" \/>\n\t<meta name=\"twitter:data1\" content=\"2 minutes\" \/>\n<script type=\"application\/ld+json\" class=\"yoast-schema-graph\">{\"@context\":\"https:\/\/schema.org\",\"@graph\":[{\"@type\":\"WebSite\",\"@id\":\"https:\/\/mx-activites.com\/#website\",\"url\":\"https:\/\/mx-activites.com\/\",\"name\":\"MX Activit\u00e9s\",\"description\":\"\u00c9cole de pilotage\",\"potentialAction\":[{\"@type\":\"SearchAction\",\"target\":{\"@type\":\"EntryPoint\",\"urlTemplate\":\"https:\/\/mx-activites.com\/?s={search_term_string}\"},\"query-input\":\"required name=search_term_string\"}],\"inLanguage\":\"fr-FR\"},{\"@type\":\"ImageObject\",\"@id\":\"https:\/\/mx-activites.com\/#primaryimage\",\"inLanguage\":\"fr-FR\",\"url\":\"https:\/\/mx-activites.com\/wp-content\/uploads\/2022\/05\/Sans_titre__1_-removebg-preview.png\",\"contentUrl\":\"https:\/\/mx-activites.com\/wp-content\/uploads\/2022\/05\/Sans_titre__1_-removebg-preview.png\",\"width\":500,\"height\":500,\"caption\":\"MX-Activites\"},{\"@type\":\"WebPage\",\"@id\":\"https:\/\/mx-activites.com\/#webpage\",\"url\":\"https:\/\/mx-activites.com\/\",\"name\":\"Accueil - MX Activit\u00e9s\",\"isPartOf\":{\"@id\":\"https:\/\/mx-activites.com\/#website\"},\"primaryImageOfPage\":{\"@id\":\"https:\/\/mx-activites.com\/#primaryimage\"},\"datePublished\":\"2022-02-23T13:51:14+00:00\",\"dateModified\":\"2024-09-30T14:13:55+00:00\",\"description\":\"\u00c0 la recherche d'une \u00e9cole de moto proche de Nevers ? Rentrez en contact avec nous et venez vous essayer au moto cross.\",\"breadcrumb\":{\"@id\":\"https:\/\/mx-activites.com\/#breadcrumb\"},\"inLanguage\":\"fr-FR\",\"potentialAction\":[{\"@type\":\"ReadAction\",\"target\":[\"https:\/\/mx-activites.com\/\"]}]},{\"@type\":\"BreadcrumbList\",\"@id\":\"https:\/\/mx-activites.com\/#breadcrumb\",\"itemListElement\":[{\"@type\":\"ListItem\",\"position\":1,\"name\":\"Accueil\",\"item\":\"https:\/\/mx-activites.com\/\"},{\"@type\":\"ListItem\",\"position\":2,\"name\":\"Accueil\"}]}]}<\/script>\n<!-- \/ Yoast SEO plugin. -->","yoast_head_json":{"title":"Accueil - MX Activit\u00e9s","description":"\u00c0 la recherche d'une \u00e9cole de moto proche de Nevers ? Rentrez en contact avec nous et venez vous essayer au moto cross.","robots":{"index":"index","follow":"follow","max-snippet":"max-snippet:-1","max-image-preview":"max-image-preview:large","max-video-preview":"max-video-preview:-1"},"canonical":"https:\/\/mx-activites.com\/","og_locale":"fr_FR","og_type":"article","og_title":"Accueil - MX Activit\u00e9s","og_description":"\u00c0 la recherche d'une \u00e9cole de moto proche de Nevers ? Rentrez en contact avec nous et venez vous essayer au moto cross.","og_url":"https:\/\/mx-activites.com\/","og_site_name":"MX Activit\u00e9s","article_modified_time":"2024-09-30T14:13:55+00:00","og_image":[{"url":"https:\/\/mx-activites.com\/wp-content\/uploads\/2022\/05\/Sans_titre__1_-removebg-preview.png"}],"twitter_card":"summary_large_image","twitter_misc":{"Dur\u00e9e de lecture estim\u00e9e":"2 minutes"},"schema":{"@context":"https:\/\/schema.org","@graph":[{"@type":"WebSite","@id":"https:\/\/mx-activites.com\/#website","url":"https:\/\/mx-activites.com\/","name":"MX Activit\u00e9s","description":"\u00c9cole de pilotage","potentialAction":[{"@type":"SearchAction","target":{"@type":"EntryPoint","urlTemplate":"https:\/\/mx-activites.com\/?s={search_term_string}"},"query-input":"required name=search_term_string"}],"inLanguage":"fr-FR"},{"@type":"ImageObject","@id":"https:\/\/mx-activites.com\/#primaryimage","inLanguage":"fr-FR","url":"https:\/\/mx-activites.com\/wp-content\/uploads\/2022\/05\/Sans_titre__1_-removebg-preview.png","contentUrl":"https:\/\/mx-activites.com\/wp-content\/uploads\/2022\/05\/Sans_titre__1_-removebg-preview.png","width":500,"height":500,"caption":"MX-Activites"},{"@type":"WebPage","@id":"https:\/\/mx-activites.com\/#webpage","url":"https:\/\/mx-activites.com\/","name":"Accueil - MX Activit\u00e9s","isPartOf":{"@id":"https:\/\/mx-activites.com\/#website"},"primaryImageOfPage":{"@id":"https:\/\/mx-activites.com\/#primaryimage"},"datePublished":"2022-02-23T13:51:14+00:00","dateModified":"2024-09-30T14:13:55+00:00","description":"\u00c0 la recherche d'une \u00e9cole de moto proche de Nevers ? Rentrez en contact avec nous et venez vous essayer au moto cross.","breadcrumb":{"@id":"https:\/\/mx-activites.com\/#breadcrumb"},"inLanguage":"fr-FR","potentialAction":[{"@type":"ReadAction","target":["https:\/\/mx-activites.com\/"]}]},{"@type":"BreadcrumbList","@id":"https:\/\/mx-activites.com\/#breadcrumb","itemListElement":[{"@type":"ListItem","position":1,"name":"Accueil","item":"https:\/\/mx-activites.com\/"},{"@type":"ListItem","position":2,"name":"Accueil"}]}]}},"_links":{"self":[{"href":"https:\/\/mx-activites.com\/index.php\/wp-json\/wp\/v2\/pages\/1949","targetHints":{"allow":["GET"]}}],"collection":[{"href":"https:\/\/mx-activites.com\/index.php\/wp-json\/wp\/v2\/pages"}],"about":[{"href":"https:\/\/mx-activites.com\/index.php\/wp-json\/wp\/v2\/types\/page"}],"author":[{"embeddable":true,"href":"https:\/\/mx-activites.com\/index.php\/wp-json\/wp\/v2\/users\/1"}],"replies":[{"embeddable":true,"href":"https:\/\/mx-activites.com\/index.php\/wp-json\/wp\/v2\/comments?post=1949"}],"version-history":[{"count":30,"href":"https:\/\/mx-activites.com\/index.php\/wp-json\/wp\/v2\/pages\/1949\/revisions"}],"predecessor-version":[{"id":4737,"href":"https:\/\/mx-activites.com\/index.php\/wp-json\/wp\/v2\/pages\/1949\/revisions\/4737"}],"wp:attachment":[{"href":"https:\/\/mx-activites.com\/index.php\/wp-json\/wp\/v2\/media?parent=1949"}],"curies":[{"name":"wp","href":"https:\/\/api.w.org\/{rel}","templated":true}]}}